{"id":1088,"date":"2019-04-04T07:47:16","date_gmt":"2019-04-04T07:47:16","guid":{"rendered":"https:\/\/www.remigipalmes.com\/distancia\/"},"modified":"2019-05-15T15:35:12","modified_gmt":"2019-05-15T15:35:12","slug":"distancia","status":"publish","type":"page","link":"https:\/\/www.remigipalmes.com\/es\/distancia\/","title":{"rendered":"Distancia"},"content":{"rendered":"\t\t<div data-elementor-type=\"wp-post\" data-elementor-id=\"1088\" class=\"elementor elementor-1088 elementor-46\" data-elementor-post-type=\"page\">\n\t\t\t\t\t\t<section class=\"elementor-section elementor-top-section elementor-element elementor-element-fa38de5 elementor-section-stretched elementor-section-full_width elementor-section-height-default elementor-section-height-default\" data-id=\"fa38de5\" data-element_type=\"section\" data-e-type=\"section\" data-settings=\"{&quot;stretch_section&quot;:&quot;section-stretched&quot;}\">\n\t\t\t\t\t\t<div class=\"elementor-container elementor-column-gap-no\">\n\t\t\t\t\t<div class=\"elementor-column elementor-col-100 elementor-top-column elementor-element elementor-element-bf97500\" data-id=\"bf97500\" data-element_type=\"column\" data-e-type=\"column\">\n\t\t\t<div class=\"elementor-widget-wrap elementor-element-populated\">\n\t\t\t\t\t\t\t<\/div>\n\t\t<\/div>\n\t\t\t\t\t<\/div>\n\t\t<\/section>\n\t\t\t\t<section class=\"elementor-section elementor-top-section elementor-element elementor-element-c9355ec elementor-section-boxed elementor-section-height-default elementor-section-height-default\" data-id=\"c9355ec\" data-element_type=\"section\" data-e-type=\"section\">\n\t\t\t\t\t\t<div class=\"elementor-container elementor-column-gap-default\">\n\t\t\t\t\t<div class=\"elementor-column elementor-col-100 elementor-top-column elementor-element elementor-element-4dc9dd7\" data-id=\"4dc9dd7\" data-element_type=\"column\" data-e-type=\"column\">\n\t\t\t<div class=\"elementor-widget-wrap elementor-element-populated\">\n\t\t\t\t\t\t<div class=\"elementor-element elementor-element-732f1cc elementor-widget elementor-widget-heading\" data-id=\"732f1cc\" data-element_type=\"widget\" data-e-type=\"widget\" data-widget_type=\"heading.default\">\n\t\t\t\t<div class=\"elementor-widget-container\">\n\t\t\t\t\t<h2 class=\"elementor-heading-title elementor-size-default\">Lugares d\u00f3nde se imparten los cursos<\/h2>\t\t\t\t<\/div>\n\t\t\t\t<\/div>\n\t\t\t\t\t<\/div>\n\t\t<\/div>\n\t\t\t\t\t<\/div>\n\t\t<\/section>\n\t\t\t\t<section class=\"elementor-section elementor-top-section elementor-element elementor-element-4ea8424 elementor-section-boxed elementor-section-height-default elementor-section-height-default\" data-id=\"4ea8424\" data-element_type=\"section\" data-e-type=\"section\">\n\t\t\t\t\t\t<div class=\"elementor-container elementor-column-gap-default\">\n\t\t\t\t\t<div class=\"elementor-column elementor-col-33 elementor-top-column elementor-element elementor-element-dbd10e9\" data-id=\"dbd10e9\" data-element_type=\"column\" data-e-type=\"column\" data-settings=\"{&quot;background_background&quot;:&quot;classic&quot;}\">\n\t\t\t<div class=\"elementor-widget-wrap elementor-element-populated\">\n\t\t\t\t\t\t<div class=\"elementor-element elementor-element-acc98b0 elementor-widget elementor-widget-image\" data-id=\"acc98b0\" data-element_type=\"widget\" data-e-type=\"widget\" data-widget_type=\"image.default\">\n\t\t\t\t<div class=\"elementor-widget-container\">\n\t\t\t\t\t\t\t\t\t\t\t\t\t\t\t<img decoding=\"async\" src=\"https:\/\/www.remigipalmes.com\/wp-content\/uploads\/elementor\/thumbs\/thumbnail_tablet-ub-oeapu78buk5i7bzpvbh3v70kp6z81zy3c3d2vnfkea.jpg\" title=\"UB\" alt=\"UB\" loading=\"lazy\" \/>\t\t\t\t\t\t\t\t\t\t\t\t\t\t\t<\/div>\n\t\t\t\t<\/div>\n\t\t\t\t<div class=\"elementor-element elementor-element-09f9504 elementor-widget elementor-widget-image\" data-id=\"09f9504\" data-element_type=\"widget\" data-e-type=\"widget\" data-widget_type=\"image.default\">\n\t\t\t\t<div class=\"elementor-widget-container\">\n\t\t\t\t\t\t\t\t\t\t\t\t\t\t\t<img decoding=\"async\" width=\"189\" height=\"55\" src=\"https:\/\/www.remigipalmes.com\/wp-content\/uploads\/2019\/05\/universitat-barcelona.jpg\" class=\"attachment-full size-full wp-image-953\" alt=\"\" \/>\t\t\t\t\t\t\t\t\t\t\t\t\t\t\t<\/div>\n\t\t\t\t<\/div>\n\t\t\t\t<div class=\"elementor-element elementor-element-07dd984 elementor-widget elementor-widget-heading\" data-id=\"07dd984\" data-element_type=\"widget\" data-e-type=\"widget\" data-widget_type=\"heading.default\">\n\t\t\t\t<div class=\"elementor-widget-container\">\n\t\t\t\t\t<span class=\"elementor-heading-title elementor-size-default\">M\u00e1ster en log\u00edstica y comercio internacional<br \/>(Presencial \u2013 On-line \u2013 semipresencial)<\/span>\t\t\t\t<\/div>\n\t\t\t\t<\/div>\n\t\t\t\t\t<\/div>\n\t\t<\/div>\n\t\t\t\t<div class=\"elementor-column elementor-col-33 elementor-top-column elementor-element elementor-element-0b34224\" data-id=\"0b34224\" data-element_type=\"column\" data-e-type=\"column\" data-settings=\"{&quot;background_background&quot;:&quot;classic&quot;}\">\n\t\t\t<div class=\"elementor-widget-wrap elementor-element-populated\">\n\t\t\t\t\t\t<div class=\"elementor-element elementor-element-5dc7443 elementor-widget elementor-widget-image\" data-id=\"5dc7443\" data-element_type=\"widget\" data-e-type=\"widget\" data-widget_type=\"image.default\">\n\t\t\t\t<div class=\"elementor-widget-container\">\n\t\t\t\t\t\t\t\t\t\t\t\t\t\t\t<img decoding=\"async\" src=\"https:\/\/www.remigipalmes.com\/wp-content\/uploads\/elementor\/thumbs\/thumbnail_tablet-eae-oeapu78buk5i7bzpvbh3v70kp6z81zy3c3d2vnfkea.jpg\" title=\"EAE\" alt=\"EAE\" loading=\"lazy\" \/>\t\t\t\t\t\t\t\t\t\t\t\t\t\t\t<\/div>\n\t\t\t\t<\/div>\n\t\t\t\t<div class=\"elementor-element elementor-element-e96c38c elementor-widget elementor-widget-image\" data-id=\"e96c38c\" data-element_type=\"widget\" data-e-type=\"widget\" data-widget_type=\"image.default\">\n\t\t\t\t<div class=\"elementor-widget-container\">\n\t\t\t\t\t\t\t\t\t\t\t\t\t\t\t<img decoding=\"async\" width=\"156\" height=\"34\" src=\"https:\/\/www.remigipalmes.com\/wp-content\/uploads\/2019\/04\/eae-business-school-2-1.jpg\" class=\"attachment-full size-full wp-image-478\" alt=\"\" srcset=\"https:\/\/www.remigipalmes.com\/wp-content\/uploads\/2019\/04\/eae-business-school-2-1.jpg 156w, https:\/\/www.remigipalmes.com\/wp-content\/uploads\/2019\/04\/eae-business-school-2-1-150x34.jpg 150w\" sizes=\"(max-width: 156px) 100vw, 156px\" \/>\t\t\t\t\t\t\t\t\t\t\t\t\t\t\t<\/div>\n\t\t\t\t<\/div>\n\t\t\t\t<div class=\"elementor-element elementor-element-15a7c21 elementor-widget elementor-widget-heading\" data-id=\"15a7c21\" data-element_type=\"widget\" data-e-type=\"widget\" data-widget_type=\"heading.default\">\n\t\t\t\t<div class=\"elementor-widget-container\">\n\t\t\t\t\t<span class=\"elementor-heading-title elementor-size-default\">Master Supply Chain Management (presencial \u2013 Hybrid) OBS (distancia)<\/span>\t\t\t\t<\/div>\n\t\t\t\t<\/div>\n\t\t\t\t\t<\/div>\n\t\t<\/div>\n\t\t\t\t<div class=\"elementor-column elementor-col-33 elementor-top-column elementor-element elementor-element-4a706ac\" data-id=\"4a706ac\" data-element_type=\"column\" data-e-type=\"column\" data-settings=\"{&quot;background_background&quot;:&quot;classic&quot;}\">\n\t\t\t<div class=\"elementor-widget-wrap elementor-element-populated\">\n\t\t\t\t\t\t<div class=\"elementor-element elementor-element-424564a elementor-widget elementor-widget-image\" data-id=\"424564a\" data-element_type=\"widget\" data-e-type=\"widget\" data-widget_type=\"image.default\">\n\t\t\t\t<div class=\"elementor-widget-container\">\n\t\t\t\t\t\t\t\t\t\t\t\t\t\t\t<img decoding=\"async\" src=\"https:\/\/www.remigipalmes.com\/wp-content\/uploads\/elementor\/thumbs\/thumbnail_tablet-cambra-oeapu78buk5i7bzpvbh3v70kp6z81zy3c3d2vnfkea.jpg\" title=\"Cambra\" alt=\"Cambra\" loading=\"lazy\" \/>\t\t\t\t\t\t\t\t\t\t\t\t\t\t\t<\/div>\n\t\t\t\t<\/div>\n\t\t\t\t<div class=\"elementor-element elementor-element-5659e8e elementor-widget elementor-widget-image\" data-id=\"5659e8e\" data-element_type=\"widget\" data-e-type=\"widget\" data-widget_type=\"image.default\">\n\t\t\t\t<div class=\"elementor-widget-container\">\n\t\t\t\t\t\t\t\t\t\t\t\t\t\t\t<img decoding=\"async\" width=\"221\" height=\"54\" src=\"https:\/\/www.remigipalmes.com\/wp-content\/uploads\/2019\/04\/cambra-comerc-barcelona-horitzontal.png\" class=\"attachment-full size-full wp-image-474\" alt=\"\" \/>\t\t\t\t\t\t\t\t\t\t\t\t\t\t\t<\/div>\n\t\t\t\t<\/div>\n\t\t\t\t<div class=\"elementor-element elementor-element-be8f360 elementor-widget elementor-widget-heading\" data-id=\"be8f360\" data-element_type=\"widget\" data-e-type=\"widget\" data-widget_type=\"heading.default\">\n\t\t\t\t<div class=\"elementor-widget-container\">\n\t\t\t\t\t<span class=\"elementor-heading-title elementor-size-default\">Cursos y seminarios de comercio internacional, cuadro de comando y estrategia internacional<\/span>\t\t\t\t<\/div>\n\t\t\t\t<\/div>\n\t\t\t\t\t<\/div>\n\t\t<\/div>\n\t\t\t\t\t<\/div>\n\t\t<\/section>\n\t\t\t\t<\/div>\n\t\t","protected":false},"excerpt":{"rendered":"<p>Lugares d\u00f3nde se imparten los cursos M\u00e1ster en log\u00edstica y comercio internacional(Presencial \u2013 On-line \u2013 semipresencial) Master Supply Chain Management (presencial \u2013 Hybrid) OBS (distancia) Cursos y seminarios de comercio internacional, cuadro de comando y estrategia internacional<\/p>\n","protected":false},"author":2,"featured_media":0,"parent":0,"menu_order":0,"comment_status":"closed","ping_status":"closed","template":"elementor_header_footer","meta":{"_acf_changed":false,"footnotes":"","_links_to":"","_links_to_target":""},"class_list":["post-1088","page","type-page","status-publish"],"acf":[],"_links":{"self":[{"href":"https:\/\/www.remigipalmes.com\/es\/wp-json\/wp\/v2\/pages\/1088","targetHints":{"allow":["GET"]}}],"collection":[{"href":"https:\/\/www.remigipalmes.com\/es\/wp-json\/wp\/v2\/pages"}],"about":[{"href":"https:\/\/www.remigipalmes.com\/es\/wp-json\/wp\/v2\/types\/page"}],"author":[{"embeddable":true,"href":"https:\/\/www.remigipalmes.com\/es\/wp-json\/wp\/v2\/users\/2"}],"replies":[{"embeddable":true,"href":"https:\/\/www.remigipalmes.com\/es\/wp-json\/wp\/v2\/comments?post=1088"}],"version-history":[{"count":0,"href":"https:\/\/www.remigipalmes.com\/es\/wp-json\/wp\/v2\/pages\/1088\/revisions"}],"wp:attachment":[{"href":"https:\/\/www.remigipalmes.com\/es\/wp-json\/wp\/v2\/media?parent=1088"}],"curies":[{"name":"wp","href":"https:\/\/api.w.org\/{rel}","templated":true}]}}