{"id":1210,"date":"2019-04-10T20:25:10","date_gmt":"2019-04-10T20:25:10","guid":{"rendered":"https:\/\/www.remigipalmes.com\/avis-legal\/"},"modified":"2019-07-05T09:22:52","modified_gmt":"2019-07-05T09:22:52","slug":"aviso-legal","status":"publish","type":"page","link":"https:\/\/www.remigipalmes.com\/es\/aviso-legal\/","title":{"rendered":"Aviso legal"},"content":{"rendered":"\t\t<div data-elementor-type=\"wp-post\" data-elementor-id=\"1210\" class=\"elementor elementor-1210 elementor-269\" data-elementor-post-type=\"page\">\n\t\t\t\t\t\t<section class=\"elementor-section elementor-top-section elementor-element elementor-element-328265c5 elementor-section-boxed elementor-section-height-default elementor-section-height-default\" data-id=\"328265c5\" data-element_type=\"section\" data-e-type=\"section\">\n\t\t\t\t\t\t<div class=\"elementor-container elementor-column-gap-default\">\n\t\t\t\t\t<div class=\"elementor-column elementor-col-100 elementor-top-column elementor-element elementor-element-292ae0eb\" data-id=\"292ae0eb\" data-element_type=\"column\" data-e-type=\"column\">\n\t\t\t<div class=\"elementor-widget-wrap elementor-element-populated\">\n\t\t\t\t\t\t<div class=\"elementor-element elementor-element-17507d6 elementor-widget elementor-widget-heading\" data-id=\"17507d6\" data-element_type=\"widget\" data-e-type=\"widget\" data-widget_type=\"heading.default\">\n\t\t\t\t<div class=\"elementor-widget-container\">\n\t\t\t\t\t<h2 class=\"elementor-heading-title elementor-size-default\">Aviso legal<\/h2>\t\t\t\t<\/div>\n\t\t\t\t<\/div>\n\t\t\t\t<div class=\"elementor-element elementor-element-6843bbe5 elementor-widget elementor-widget-text-editor\" data-id=\"6843bbe5\" data-element_type=\"widget\" data-e-type=\"widget\" data-widget_type=\"text-editor.default\">\n\t\t\t\t<div class=\"elementor-widget-container\">\n\t\t\t\t\t\t\t\t\t<p><strong>1. DATOS DE IDENTIFICACI\u00d3N<\/strong><\/p>\n<p><!-- \/wp:paragraph --><\/p>\n<p><!-- wp:paragraph --><\/p>\n<p>Usted est\u00e1 visitando la p\u00e1gina Web https:\/\/www.remigipalmes.com\/ titularidad de <strong>REMIGI PALM\u00c9S COMBALIA <\/strong>(en adelante LA EMPRESA).<\/p>\n<p><!-- \/wp:paragraph --><\/p>\n<p><!-- wp:paragraph --><\/p>\n<p>Domicilio Social: C\/Sant Mart\u00ed de Sesgueioles, 1 \u2013 08700 IGUALADA (BARCELONA)<\/p>\n<p><!-- \/wp:paragraph --><\/p>\n<p><!-- wp:paragraph --><\/p>\n<p>Tel\u00e9fono: 647700184<\/p>\n<p><!-- \/wp:paragraph --><\/p>\n<p><!-- wp:paragraph --><\/p>\n<p>E-mail:info@remigipalmes.com<br \/><br \/><strong>2. ACEPTACI\u00d3N DEL USUARIO<\/strong><\/p>\n<p><!-- \/wp:paragraph --><\/p>\n<p><!-- wp:paragraph --><\/p>\n<p>Este Aviso Legal regula el acceso y utilizaci\u00f3n de la p\u00e1gina web https:\/\/www.remigipalmes.com\/ (en adelante la \u00abWeb\u00bb) que LA EMPRESA pone a disposici\u00f3n de los usuarios de Internet. Se entiende por usuario la persona que acceda, navegue, utilice o participe en los servicios y actividades de la Web.<br \/>El acceso y navegaci\u00f3n de un usuario por la Web implica la aceptaci\u00f3n sin reservas del presente Aviso Legal.<\/p>\n<p><!-- \/wp:paragraph --><\/p>\n<p><!-- wp:paragraph --><\/p>\n<p>La EMPRESA puede ofrecer a trav\u00e9s de la p\u00e1gina web servicios que podr\u00e1n encontrarse sometidos a unas condiciones particulares propias sobre las cuales se informar\u00e1 al Usuario en cada caso concreto.<\/p>\n<p><!-- \/wp:paragraph --><\/p>\n<p><!-- wp:paragraph --><\/p>\n<p><strong>3. UTILIZACI\u00d3N DE LA WEB<\/strong><\/p>\n<p><!-- \/wp:paragraph --><\/p>\n<p><!-- wp:paragraph --><\/p>\n<p>3.1. El usuario se compromete a utilizar la Web, los contenidos y servicios de conformidad con la Ley, el presente Aviso Legal, las buenas costumbres y el orden p\u00fablico. Del mismo modo el Usuario se obliga a no utilizar el Web o los servicios que se presten a trav\u00e9s de \u00e9l con fines o efectos il\u00edcitos o contrarios al contenido del presente Aviso Legal, lesivos de los intereses o derechos de terceros, o que de cualquier forma pueda da\u00f1ar, inutilizar o deteriorar la Web o sus servicios o impedir un normal disfrute del Web por otros Usuarios.<\/p>\n<p><!-- \/wp:paragraph --><\/p>\n<p><!-- wp:paragraph --><\/p>\n<p><br \/>3.2. El usuario se compromete expresamente a no destruir, alterar, inutilizar o, de cualquier otra forma, da\u00f1ar los datos, programas o documentos electr\u00f3nicos y dem\u00e1s que se encuentren en la Web.<\/p>\n<p><!-- \/wp:paragraph --><\/p>\n<p><!-- wp:paragraph --><\/p>\n<p>3.3. El usuario se compromete a no obstaculizar el acceso a otros usuarios al servicio de acceso mediante el consumo masivo de los recursos inform\u00e1ticos a trav\u00e9s de los que LA EMPRESA presta el servicio, as\u00ed como realizar acciones que da\u00f1en, interrumpan o generen errores en dichos sistemas o servicios.<\/p>\n<p><!-- \/wp:paragraph --><\/p>\n<p><!-- wp:paragraph --><\/p>\n<p>3.4. El usuario se compromete a no introducir programas, virus, macros, applets, controles ActiveX o cualquier otro dispositivo l\u00f3gico o secuencia de caracteres que causen o sean susceptibles de causar cualquier tipo de alteraci\u00f3n en los sistemas inform\u00e1ticos de la EMPRESA o de terceros.<\/p>\n<p><!-- \/wp:paragraph --><\/p>\n<p><!-- wp:paragraph --><\/p>\n<p><br \/>3.5. El usuario se compromete a no obtener informaciones, mensajes, gr\u00e1ficos, dibujos, archivos de sonido y \/ o imagen, fotograf\u00edas, grabaciones, software y en general, cualquier clase de material accesible a trav\u00e9s de la Web o de los servicios ofrecidos en el mismo.<\/p>\n<p><!-- \/wp:paragraph --><\/p>\n<p><!-- wp:paragraph --><\/p>\n<p>3.6. Se entiende que el acceso o utilizaci\u00f3n de la Web por parte del usuario implica la aceptaci\u00f3n por este del Aviso Legal que LA EMPRESA tenga publicadas al momento del acceso, las cuales estar\u00e1n siempre disponibles para los usuarios.<\/p>\n<p><!-- \/wp:paragraph --><\/p>\n<p><!-- wp:paragraph --><\/p>\n<p>3.7. El usuario se compromete a hacer un uso adecuado de los contenidos y servicios que LA EMPRESA ofrece a la en su sede Web y no emplearlos para incurrir en actividades il\u00edcitas o contrarias a la buena fe y al ordenamiento legal; difundir contenidos o propaganda de car\u00e1cter racista, xen\u00f3fobo, pornogr\u00e1fico-ilegal, de apolog\u00eda del terrorismo o atentatorio contra los derechos humanos<\/p>\n<p><!-- \/wp:paragraph --><\/p>\n<p><!-- wp:paragraph --><\/p>\n<p><strong>4. ACCESO A LA WEB Y CONTRASE\u00d1AS<\/strong><\/p>\n<p><!-- \/wp:paragraph --><\/p>\n<p><!-- wp:paragraph --><\/p>\n<p>4.1. El acceso a la Web por parte de los usuarios tiene car\u00e1cter libre y gratuito.<\/p>\n<p><!-- \/wp:paragraph --><\/p>\n<p><!-- wp:paragraph --><\/p>\n<p>4.2. Cuando sea necesario que el usuario se registre o aporte datos personales para poder acceder a alguno de los servicios, la recogida y el tratamiento de los datos personales ser\u00e1 de aplicaci\u00f3n lo dispuesto en el apartado 9 de este Aviso Legal, as\u00ed como lo dispuesto en las Condiciones de Registro.<\/p>\n<p><!-- \/wp:paragraph --><\/p>\n<p><!-- wp:paragraph --><\/p>\n<p>4.3. Si para la utilizaci\u00f3n de un servicio en la Web, el usuario debiera proceder a su registro, \u00e9ste ser\u00e1 responsable de aportar informaci\u00f3n veraz y l\u00edcita. Si como consecuencia del registro, se genera una contrase\u00f1a para el usuario, \u00e9ste se compromete a hacer un uso diligente ya mantener en secreto la contrase\u00f1a para acceder a estos servicios. Los usuarios son responsables de la adecuada custodia y confidencialidad de cualesquiera identificadores y \/ o contrase\u00f1as que le sea suministrado por la EMPRESA y se comprometen a no ceder su uso a terceros, ya sea temporal o permanente, ni a permitir su acceso a personas ajenas. Ser\u00e1 responsabilidad del usuario la utilizaci\u00f3n de los servicios por cualquier tercero ileg\u00edtimo que emplee a tal efecto una contrase\u00f1a a causa de una utilizaci\u00f3n no diligente o de la p\u00e9rdida de la misma por el usuario.<\/p>\n<p><!-- \/wp:paragraph --><\/p>\n<p><!-- wp:paragraph --><\/p>\n<p>4.4. El usuario est\u00e1 obligado a notificar de forma inmediata a la EMPRESA cualquier hecho que permita el uso indebido de los identificadores y \/ o contrase\u00f1as, tales como el robo, p\u00e9rdida, o el acceso no autorizado a los mismos, con el fin de proceder a su inmediata cancelaci\u00f3n. Mientras no se comuniquen tales hechos, LA EMPRESA quedar\u00e1 eximida de cualquier responsabilidad que pudiera derivarse del uso indebido de los identificadores y \/ o contrase\u00f1as por terceros no autorizados.<\/p>\n<p><!-- \/wp:paragraph --><\/p>\n<p><!-- wp:paragraph --><\/p>\n<p><strong>5. MODIFICACI\u00d3N DE LAS CONDICIONES DEL AVISO LEGAL<\/strong><\/p>\n<p><!-- \/wp:paragraph --><\/p>\n<p><!-- wp:paragraph --><\/p>\n<p>LA EMPRESA se reserva expresamente el derecho a modificar el presente Aviso Legal. El usuario reconoce y acepta que es su responsabilidad revisar el Web y el presente Aviso Legal.<\/p>\n<p><!-- \/wp:paragraph --><\/p>\n<p><!-- wp:paragraph --><\/p>\n<p><strong>6. LIMITACI\u00d3N DE GARANT\u00cdAS Y RESPONSABILIDADES<\/strong><\/p>\n<p><!-- \/wp:paragraph --><\/p>\n<p><!-- wp:paragraph --><\/p>\n<p>6.1. La EMPRESA se compromete a realizar sus mejores esfuerzos para evitar cualquier error en los contenidos que pudieran aparecer en la Web. En cualquier caso, LA EMPRESA estar\u00e1 exenta de cualquier responsabilidad derivada de eventuales errores en los contenidos que pudieran aparecer en la Web, siempre que no le sean imputables.<\/p>\n<p><!-- \/wp:paragraph --><\/p>\n<p><!-- wp:paragraph --><\/p>\n<p>6.2. LA EMPRESA no garantiza que la Web y el servidor est\u00e9n libres de virus y no se hace responsable de los posibles da\u00f1os o perjuicios que se puedan derivar de interferencias, omisiones, interrupciones, virus inform\u00e1ticos, aver\u00edas telef\u00f3nicas o desconexiones en el funcionamiento operativo de este sistema electr\u00f3nico, motivado por causas ajenas a la EMPRESA, de retrasos o bloqueos en el uso de este sistema electr\u00f3nico causados por deficiencias de l\u00edneas telef\u00f3nicas o sobrecargas en el sistema de Internet o en otros sistemas electr\u00f3nicos, as\u00ed como tambi\u00e9n de da\u00f1os que puedan ser causados por terceras personas mediante intromisiones ileg\u00edtimas fuera del control de la EMPRESA.<\/p>\n<p><!-- \/wp:paragraph --><\/p>\n<p><!-- wp:paragraph --><\/p>\n<p><br \/><strong>7. Propiedad intelectual e industrial. TODOS LOS DERECHOS RESERVADOS<\/strong>.<\/p>\n<p><!-- \/wp:paragraph --><\/p>\n<p><!-- wp:paragraph --><\/p>\n<p>7.1. Todos los derechos de Propiedad Industrial e Intelectual de la Web <a href=\"https:\/\/www.remigipalmes.com\/\">https:\/\/www.remigipalmes.com\/<\/a> y de sus contenidos (textos, im\u00e1genes, sonidos, audio, v\u00eddeo, dise\u00f1os, creatividades, software) pertenecen, como autor de obra colectiva o como cesionaria, a la EMPRESA o, en su caso, a terceras personas.<\/p>\n<p><!-- \/wp:paragraph --><\/p>\n<p><!-- wp:paragraph --><\/p>\n<p>7.2. Quedan expresamente prohibidas la reproducci\u00f3n, la distribuci\u00f3n y la comunicaci\u00f3n p\u00fablica, incluida su modalidad de puesta a disposici\u00f3n, de la totalidad o parte de los contenidos de esta p\u00e1gina Web, con cualquier fin, en cualquier soporte y por cualquier medio t\u00e9cnico, sin la autorizaci\u00f3n de la EMPRESA. El usuario se compromete a respetar los derechos de Propiedad Industrial e Intelectual titularidad de la EMPRESA y de terceros.<\/p>\n<p><!-- \/wp:paragraph --><\/p>\n<p><!-- wp:paragraph --><\/p>\n<p>7.3. El usuario puede visualizar todos los elementos, imprimirlos, copiarlos y almacenarlos en el disco duro de su ordenador o en cualquier otro soporte f\u00edsico siempre y cuando sea, \u00fanica y exclusivamente, para su uso personal y privado, quedando por tanto, terminantemente prohibida su utilizaci\u00f3n con otros fines, su distribuci\u00f3n, as\u00ed como su modificaci\u00f3n, alteraci\u00f3n o descompilaci\u00f3n.<\/p>\n<p><!-- \/wp:paragraph --><\/p>\n<p><!-- wp:paragraph --><\/p>\n<p><br \/><strong>8. ENLACES DE TERCEROS<\/strong><\/p>\n<p><!-- \/wp:paragraph --><\/p>\n<p><!-- wp:paragraph --><\/p>\n<p>8.1. En caso de que en la Web se dispusiesen enlaces o hiperv\u00ednculos hac\u00eda otros sitios de Internet, LA EMPRESA no ejercer\u00e1 ning\u00fan tipo de control sobre dichos sitios y contenidos. En ning\u00fan caso LA EMPRESA asumir\u00e1 responsabilidad alguna por los contenidos de alg\u00fan enlace perteneciente a un sitio Web ajeno, ni garantizar\u00e1 la disponibilidad t\u00e9cnica, calidad, fiabilidad, exactitud, amplitud, veracidad, validez y constitucionalidad de cualquier material o informaci\u00f3n contenida en cabeza de los hiperv\u00ednculos u otros sitios de Internet.<\/p>\n<p><!-- \/wp:paragraph --><\/p>\n<p><!-- wp:paragraph --><\/p>\n<p>8.2. Estos enlaces se proporcionan \u00fanicamente para informar al Usuario sobre la existencia de otras fuentes de informaci\u00f3n sobre un tema concreto, y la inclusi\u00f3n de un enlace no implica la aprobaci\u00f3n de la p\u00e1gina web enlazada por parte de la EMPRESA.<\/p>\n<p><!-- \/wp:paragraph --><\/p>\n<p><!-- wp:paragraph --><\/p>\n<p>8.3. LA EMPRESA tan s\u00f3lo autoriza menciones a sus contenidos en otras webs, con el tratamiento que \u00e9stas consideren, siempre que sea respetuoso, cumpla la legislaci\u00f3n vigente y en ning\u00fan caso reproduzcan, sin la debida autorizaci\u00f3n, los contenidos de la EMPRESA.<\/p>\n<p><!-- \/wp:paragraph --><\/p>\n<p><!-- wp:paragraph --><\/p>\n<p><strong>9. PROTECCI\u00d3N DE DATOS PERSONALES<\/strong><\/p>\n<p><!-- \/wp:paragraph --><\/p>\n<p><!-- wp:paragraph --><\/p>\n<p>9.1. LA EMPRESA adopta las medidas t\u00e9cnicas y organizativas necesarias para garantizar la protecci\u00f3n de los datos de car\u00e1cter personal y evitar su alteraci\u00f3n, p\u00e9rdida, tratamiento y \/ o acceso no autorizado, habida cuenta del estado de la t\u00e9cnica, la naturaleza de los datos almacenados y los riesgos a que est\u00e1n expuestos, todo ello, conforme a lo establecido por el Reglamento Europeo General de Protecci\u00f3n de datos de Car\u00e1cter Personal.<\/p>\n<p><!-- \/wp:paragraph --><\/p>\n<p><!-- wp:paragraph --><\/p>\n<p>Del mismo modo, LA EMPRESA podr\u00e1 obtener datos de car\u00e1cter personal originados por su navegaci\u00f3n y \/ o uso de la Web, de acuerdo con nuestra Pol\u00edtica de Privacidad.<\/p>\n<p><!-- \/wp:paragraph --><\/p>\n<p><!-- wp:paragraph --><\/p>\n<p>9.2 Rogamos lea atentamente los textos legales, en particular nuestra Pol\u00edtica de Privacidad, antes de facilitar sus datos de car\u00e1cter personal.<\/p>\n<p><!-- \/wp:paragraph --><\/p>\n<p><!-- wp:paragraph --><\/p>\n<p><br \/><strong>10. LEY Y JURISDICCI\u00d3N<\/strong><\/p>\n<p><!-- \/wp:paragraph --><\/p>\n<p><!-- wp:paragraph --><\/p>\n<p>Todas las cuestiones que se susciten entre LA EMPRESA y el usuario relativas a la interpretaci\u00f3n, cumplimiento y validez del presente Aviso Legal se regir\u00e1n por sus propias cl\u00e1usulas y, en lo que en ellas no estuviera previsto, de acuerdo con la legislaci\u00f3n espa\u00f1ola, someti\u00e9ndose expresamente las partes a la jurisdicci\u00f3n de los Juzgados y Tribunales del domicilio de la EMPRESA<\/p>\n<p><!-- \/wp:paragraph --><\/p>\t\t\t\t\t\t\t\t<\/div>\n\t\t\t\t<\/div>\n\t\t\t\t\t<\/div>\n\t\t<\/div>\n\t\t\t\t\t<\/div>\n\t\t<\/section>\n\t\t\t\t<\/div>\n\t\t","protected":false},"excerpt":{"rendered":"<p>Aviso legal 1. DATOS DE IDENTIFICACI\u00d3N Usted est\u00e1 visitando la p\u00e1gina Web https:\/\/www.remigipalmes.com\/ titularidad de REMIGI PALM\u00c9S COMBALIA (en adelante LA EMPRESA). Domicilio Social: C\/Sant Mart\u00ed de Sesgueioles, 1 \u2013 08700 IGUALADA (BARCELONA) Tel\u00e9fono: 647700184 E-mail:info@remigipalmes.com 2. ACEPTACI\u00d3N DEL USUARIO Este Aviso Legal regula el acceso y utilizaci\u00f3n de la p\u00e1gina web https:\/\/www.remigipalmes.com\/ (en adelante &#8230; <a title=\"Aviso legal\" class=\"read-more\" href=\"https:\/\/www.remigipalmes.com\/es\/aviso-legal\/\" aria-label=\"Leer m\u00e1s sobre Aviso legal\">Read more<\/a><\/p>\n","protected":false},"author":2,"featured_media":0,"parent":0,"menu_order":0,"comment_status":"closed","ping_status":"closed","template":"elementor_header_footer","meta":{"_acf_changed":false,"footnotes":"","_links_to":"","_links_to_target":""},"class_list":["post-1210","page","type-page","status-publish"],"acf":[],"_links":{"self":[{"href":"https:\/\/www.remigipalmes.com\/es\/wp-json\/wp\/v2\/pages\/1210","targetHints":{"allow":["GET"]}}],"collection":[{"href":"https:\/\/www.remigipalmes.com\/es\/wp-json\/wp\/v2\/pages"}],"about":[{"href":"https:\/\/www.remigipalmes.com\/es\/wp-json\/wp\/v2\/types\/page"}],"author":[{"embeddable":true,"href":"https:\/\/www.remigipalmes.com\/es\/wp-json\/wp\/v2\/users\/2"}],"replies":[{"embeddable":true,"href":"https:\/\/www.remigipalmes.com\/es\/wp-json\/wp\/v2\/comments?post=1210"}],"version-history":[{"count":0,"href":"https:\/\/www.remigipalmes.com\/es\/wp-json\/wp\/v2\/pages\/1210\/revisions"}],"wp:attachment":[{"href":"https:\/\/www.remigipalmes.com\/es\/wp-json\/wp\/v2\/media?parent=1210"}],"curies":[{"name":"wp","href":"https:\/\/api.w.org\/{rel}","templated":true}]}}