{"id":1219,"date":"2019-04-10T20:25:44","date_gmt":"2019-04-10T20:25:44","guid":{"rendered":"https:\/\/www.remigipalmes.com\/politica-de-privacitat\/"},"modified":"2019-07-05T09:25:40","modified_gmt":"2019-07-05T09:25:40","slug":"politica-de-privacidad","status":"publish","type":"page","link":"https:\/\/www.remigipalmes.com\/es\/politica-de-privacidad\/","title":{"rendered":"Pol\u00edtica de privacidad"},"content":{"rendered":"\t\t<div data-elementor-type=\"wp-post\" data-elementor-id=\"1219\" class=\"elementor elementor-1219 elementor-271\" data-elementor-post-type=\"page\">\n\t\t\t\t\t\t<section class=\"elementor-section elementor-top-section elementor-element elementor-element-6d2efba3 elementor-section-boxed elementor-section-height-default elementor-section-height-default\" data-id=\"6d2efba3\" data-element_type=\"section\">\n\t\t\t\t\t\t<div class=\"elementor-container elementor-column-gap-default\">\n\t\t\t\t\t<div class=\"elementor-column elementor-col-100 elementor-top-column elementor-element elementor-element-38dd5b9b\" data-id=\"38dd5b9b\" data-element_type=\"column\">\n\t\t\t<div class=\"elementor-widget-wrap elementor-element-populated\">\n\t\t\t\t\t\t<div class=\"elementor-element elementor-element-937945a elementor-widget elementor-widget-heading\" data-id=\"937945a\" data-element_type=\"widget\" data-widget_type=\"heading.default\">\n\t\t\t\t<div class=\"elementor-widget-container\">\n\t\t\t\t\t<h2 class=\"elementor-heading-title elementor-size-default\">Pol\u00edtica de privacidad<\/h2>\t\t\t\t<\/div>\n\t\t\t\t<\/div>\n\t\t\t\t<div class=\"elementor-element elementor-element-15a5f4cd elementor-widget elementor-widget-text-editor\" data-id=\"15a5f4cd\" data-element_type=\"widget\" data-widget_type=\"text-editor.default\">\n\t\t\t\t<div class=\"elementor-widget-container\">\n\t\t\t\t\t\t\t\t\t<h2>Responsable del Tratamiento<\/h2><p><strong>Remigi Palm\u00e9s Combal\u00eda<\/strong>., titular de la p\u00e1gina web https:\/\/www.remigipalmes.com\/ (en adelante, la Compa\u00f1\u00eda).<\/p><p>Domicilio social: C\/ Sant Marti de Sesgueioles 1- 08700 IGUALADA (BARCELONA)<\/p><p>Tel\u00e9fono: +34 647700183<\/p><p>Correo electr\u00f3nico: <a href=\"mailto:info@remigipalmes.com\">info@remigipalmes.com<\/a><\/p><h2><br \/>Protecci\u00f3n de datos personales<\/h2><p>La Compa\u00f1\u00eda le informa que a trav\u00e9s de nuestra p\u00e1gina web podemos obtener sus datos personales para su tratamiento.<\/p><p>A continuaci\u00f3n le detallamos estos tratamientos, sus fines, los datos personales que utilizamos y la base legal que legitima su realizaci\u00f3n.<\/p><p>En el tratamiento de sus datos personales, aplicaremos los siguientes principios que se ajustan a las exigencias del nuevo reglamento europeo de protecci\u00f3n de datos:<\/p><ul><li><strong>Principio de licitud, lealtad y transparencia:<\/strong>Siempre vamos a requerir su consentimiento para el tratamiento de sus datos personales para uno o varios fines espec\u00edficos que le informaremos previamente con absoluta transparencia.<\/li><li><strong>Principio de minimizaci\u00f3n de datos:<\/strong>Solo vamos a solicitar datos estrictamente necesarios en relaci\u00f3n con los fines para los que los requerimos. Los m\u00ednimos posibles.<\/li><li><strong>Principio de limitaci\u00f3n del plazo de conservaci\u00f3n:<\/strong>los datos ser\u00e1n mantenidos durante no m\u00e1s tiempo del necesario para los fines del tratamiento, en funci\u00f3n a la finalidad, le informaremos del plazo de conservaci\u00f3n correspondiente, en el caso de suscripciones, peri\u00f3dicamente revisaremos nuestras listas y eliminaremos aquellos registros inactivos durante un tiempo considerable.<\/li><li><strong>Principio de integridad y confidencialidad:<\/strong> Sus datos ser\u00e1n tratados de tal manera que se garantice una seguridad adecuada de los datos personales y se garantice confidencialidad. Debe saber que tomamos todas las precauciones necesarias para evitar el acceso no autorizado o uso indebido de los datos de nuestros usuarios por parte de terceros.<\/li><\/ul><p><strong>Medici\u00f3n<\/strong><\/p><p>La recogida de informaci\u00f3n sobre su consumo de los contenidos de nuestro portal que, en combinaci\u00f3n con datos de otros usuarios previamente recogidos, nos permite medir, analizar y obtener informes sobre el uso de nuestro portal.<\/p><table width=\"0\"><thead><tr><td>Finalidad Principal<\/td><td>Datos<\/td><td>Base legal aplicable<\/td><td>Plazo Conservaci\u00f3n<\/td><\/tr><\/thead><tbody><tr><td>Recogida de datos estad\u00edsticos de utilizaci\u00f3n de nuestro portal<\/td><td>Datos de navegaci\u00f3n<\/td><td>Inter\u00e9s leg\u00edtimo en conocer el uso de nuestros servicios<\/td><td>38 meses<\/td><\/tr><\/tbody><\/table><table width=\"0\"><thead><tr><td>Finalidades secundarias<\/td><td>Qu\u00e9 datos<\/td><td>Base legal aplicable<\/td><td>Plazo Conservaci\u00f3n<\/td><\/tr><\/thead><tbody><tr><td>No existen<\/td><td>\u00a0<\/td><td>\u00a0<\/td><td>\u00a0<\/td><\/tr><\/tbody><\/table><p>Durante su navegaci\u00f3n por nuestro portal utilizamos herramientas de an\u00e1lisis estad\u00edstico como Google Analitycs, para conocer el uso que se realiza de nuestros servicios y disponer de informaci\u00f3n para mejorarlos. Utilizamos esta informaci\u00f3n de forma agregada, lo que nos impide identificar a un usuario concreto. Si Ud. no desea que tratemos sus datos para la elaboraci\u00f3n de estad\u00edsticas podr\u00e1 indicarlo en cualquier momento enviando un correo a <a href=\"mailto:info@remigipalmes.com\">info@remigipalmes.com<\/a><\/p><ol start=\"2\"><li>Personalizaci\u00f3n<\/li><\/ol><p>Es la recogida y procesado de informaci\u00f3n sobre su uso de nuestro portal para gestionar sus consultas, pedidos, cursos o personalizarle ofertas concretas de servicios adecuados a sus intereses. Tradicionalmente, se utilizan sus datos de navegaci\u00f3n para hacer suposiciones sobre sus preferencias.<\/p><table width=\"0\"><thead><tr><td>Finalidad Principal<\/td><td>Datos<\/td><td>Base legal aplicable<\/td><td>Plazo Conservaci\u00f3n<\/td><\/tr><\/thead><tbody><tr><td>Creaci\u00f3n de perfiles<\/td><td>Navegaci\u00f3n por el portal web<\/td><td>Inter\u00e9s leg\u00edtimo en mejorar el rendimiento publicitario de nuestro portal.<\/td><td>Mientras no nos indique que desea que cesemos el tratamiento<\/td><\/tr><\/tbody><\/table><table width=\"0\"><thead><tr><td>Finalidades secundarias<\/td><td>Qu\u00e9 datos<\/td><td>Base legal aplicable<\/td><td>Plazo Conservaci\u00f3n<\/td><\/tr><\/thead><tbody><tr><td>Enriquecimiento de perfiles de usuario con datos del registro de usuario<\/td><td>S\u00f3lo utilizaremos el g\u00e9nero y la edad, si nos los proporciona<\/td><td>Consentimiento<\/td><td>Mientras no se retire el consentimiento dado mediante el borrado de los datos, la baja en el registro o nos indique que desea que cesemos el tratamiento<\/td><\/tr><\/tbody><\/table><p>Cuando Ud. navega por el portal web de <a href=\"https:\/\/www.remigipalmes.com\/\">https:\/\/www.remigipalmes.com\/<\/a> instalamos cookies que nos permiten conocer sus h\u00e1bitos de navegaci\u00f3n por todos ellos, con la finalidad de crear perfiles publicitarios que ofrecemos a nuestros anunciantes para que le ofrezcan contenidos publicitarios adaptados a sus preferencias. Si Ud. no desea que tratemos sus datos para la elaboraci\u00f3n de perfiles publicitarios podr\u00e1 indicarlo en cualquier momento. Si Ud. desactiva la elaboraci\u00f3n de perfiles, seguir\u00e1 recibiendo publicidad, pero no ser\u00e1 adaptada a sus preferencias.<\/p><h2><br \/>Cesi\u00f3n de datos<\/h2><p>Sus datos personales no ser\u00e1n cedidos a terceros. Si en alg\u00fan caso en particular fu\u00e9ramos a realizar una cesi\u00f3n de datos, le informaremos oportunamente, as\u00ed como si fuera necesario, solicitar\u00edamos su consentimiento.<\/p><p>Es posible que algunos de nuestros proveedores, por ejemplo Google, procesen datos fuera de las fronteras de la Uni\u00f3n Europea. En estos casos, exigimos al proveedor estar adscrito a un protocolo de adecuaci\u00f3n de protecci\u00f3n de datos aprobado por la Uni\u00f3n Europea, por regla general el tratado Privacy Shield entre USA y la UE.<\/p><h2><br \/>Derechos del interesado<\/h2><p>La Compa\u00f1\u00eda le informa que Usted puede retirar el consentimiento dado para el tratamiento de sus datos personales en cualquier momento. Para ello ponemos a su disposici\u00f3n mecanismos que Usted puede utilizar cuando as\u00ed lo desee. Tambi\u00e9n mediante un enlace que incluimos en todos nuestros mensajes de correo y que permite cancelar su suscripci\u00f3n de manera inmediata.<\/p><p>En cualquier caso, Usted siempre puede ejercer sus derechos de acceso, rectificaci\u00f3n, supresi\u00f3n, limitaci\u00f3n, oposici\u00f3n al tratamiento o portabilidad de los datos, enviando un mensaje de correo electr\u00f3nico a <a href=\"mailto:info@remigipalmes.com\">info@remigipalmes.com<\/a>.<\/p><p>Finalmente le informamos que para cualquier informaci\u00f3n adicional respecto al tratamiento de sus datos personales puede contactar con nuestro Responsable de Protecci\u00f3n de Datos enviando un mensaje de correo electr\u00f3nico a <a href=\"mailto:info@remigipalmes.com\">info@remigipalmes.com<\/a>. Asimismo, si considera que sus derechos no se atienden adecuadamente, le recordamos su derecho a solicitar la tutela\u00a0 de la Agencia Espa\u00f1ola de Protecci\u00f3n de Datos.<\/p>\t\t\t\t\t\t\t\t<\/div>\n\t\t\t\t<\/div>\n\t\t\t\t\t<\/div>\n\t\t<\/div>\n\t\t\t\t\t<\/div>\n\t\t<\/section>\n\t\t\t\t<\/div>\n\t\t","protected":false},"excerpt":{"rendered":"<p>Pol\u00edtica de privacidad Responsable del Tratamiento Remigi Palm\u00e9s Combal\u00eda., titular de la p\u00e1gina web https:\/\/www.remigipalmes.com\/ (en adelante, la Compa\u00f1\u00eda). Domicilio social: C\/ Sant Marti de Sesgueioles 1- 08700 IGUALADA (BARCELONA) Tel\u00e9fono: +34 647700183 Correo electr\u00f3nico: info@remigipalmes.com Protecci\u00f3n de datos personales La Compa\u00f1\u00eda le informa que a trav\u00e9s de nuestra p\u00e1gina web podemos obtener sus datos &#8230; <a title=\"Pol\u00edtica de privacidad\" class=\"read-more\" href=\"https:\/\/www.remigipalmes.com\/es\/politica-de-privacidad\/\" aria-label=\"Leer m\u00e1s sobre Pol\u00edtica de privacidad\">Read more<\/a><\/p>\n","protected":false},"author":2,"featured_media":0,"parent":0,"menu_order":0,"comment_status":"closed","ping_status":"closed","template":"elementor_header_footer","meta":{"_acf_changed":false,"footnotes":"","_links_to":"","_links_to_target":""},"class_list":["post-1219","page","type-page","status-publish"],"acf":[],"_links":{"self":[{"href":"https:\/\/www.remigipalmes.com\/es\/wp-json\/wp\/v2\/pages\/1219","targetHints":{"allow":["GET"]}}],"collection":[{"href":"https:\/\/www.remigipalmes.com\/es\/wp-json\/wp\/v2\/pages"}],"about":[{"href":"https:\/\/www.remigipalmes.com\/es\/wp-json\/wp\/v2\/types\/page"}],"author":[{"embeddable":true,"href":"https:\/\/www.remigipalmes.com\/es\/wp-json\/wp\/v2\/users\/2"}],"replies":[{"embeddable":true,"href":"https:\/\/www.remigipalmes.com\/es\/wp-json\/wp\/v2\/comments?post=1219"}],"version-history":[{"count":0,"href":"https:\/\/www.remigipalmes.com\/es\/wp-json\/wp\/v2\/pages\/1219\/revisions"}],"wp:attachment":[{"href":"https:\/\/www.remigipalmes.com\/es\/wp-json\/wp\/v2\/media?parent=1219"}],"curies":[{"name":"wp","href":"https:\/\/api.w.org\/{rel}","templated":true}]}}