{"id":1235,"date":"2019-04-10T20:26:22","date_gmt":"2019-04-10T20:26:22","guid":{"rendered":"https:\/\/www.remigipalmes.com\/politica-de-cookies\/"},"modified":"2023-10-17T08:33:07","modified_gmt":"2023-10-17T08:33:07","slug":"politica-de-cookies","status":"publish","type":"page","link":"https:\/\/www.remigipalmes.com\/es\/politica-de-cookies\/","title":{"rendered":"Pol\u00edtica de cookies"},"content":{"rendered":"\t\t<div data-elementor-type=\"wp-post\" data-elementor-id=\"1235\" class=\"elementor elementor-1235 elementor-273\" data-elementor-post-type=\"page\">\n\t\t\t\t\t\t<section class=\"elementor-section elementor-top-section elementor-element elementor-element-b6a727e elementor-section-boxed elementor-section-height-default elementor-section-height-default\" data-id=\"b6a727e\" data-element_type=\"section\" data-e-type=\"section\">\n\t\t\t\t\t\t<div class=\"elementor-container elementor-column-gap-default\">\n\t\t\t\t\t<div class=\"elementor-column elementor-col-100 elementor-top-column elementor-element elementor-element-4bfbbcf\" data-id=\"4bfbbcf\" data-element_type=\"column\" data-e-type=\"column\">\n\t\t\t<div class=\"elementor-widget-wrap elementor-element-populated\">\n\t\t\t\t\t\t<div class=\"elementor-element elementor-element-e42b718 elementor-widget elementor-widget-heading\" data-id=\"e42b718\" data-element_type=\"widget\" data-e-type=\"widget\" data-widget_type=\"heading.default\">\n\t\t\t\t<div class=\"elementor-widget-container\">\n\t\t\t\t\t<h2 class=\"elementor-heading-title elementor-size-default\">Pol\u00edtica de cookies<\/h2>\t\t\t\t<\/div>\n\t\t\t\t<\/div>\n\t\t\t\t<div class=\"elementor-element elementor-element-2498960 elementor-widget elementor-widget-text-editor\" data-id=\"2498960\" data-element_type=\"widget\" data-e-type=\"widget\" data-widget_type=\"text-editor.default\">\n\t\t\t\t<div class=\"elementor-widget-container\">\n\t\t\t\t\t\t\t\t\t<p><strong>Tratamiento de datos de car\u00e1cter personal<\/strong><\/p><p>Este portal, (<a href=\"https:\/\/www.remigipalmes.com\/\">https:\/\/www.remigipalmes.com\/<\/a>), al igual que la mayor\u00eda de portales en Internet, usa cookies para mejorar la experiencia del usuario. A continuaci\u00f3n encontrar\u00e1 informaci\u00f3n sobre qu\u00e9 son las \u00bfcookies?, qu\u00e9 tipo de cookies utiliza este portal, c\u00f3mo puede desactivar las cookies en su navegador y c\u00f3mo desactivar espec\u00edficamente la instalaci\u00f3n de cookies de terceros. Si no encuentra la informaci\u00f3n espec\u00edfica que usted est\u00e1 buscando, por favor dir\u00edjase a <strong>Remigi Palm\u00e9s Combal\u00eda <\/strong>a trav\u00e9s del correo electr\u00f3nico: <a href=\"mailto:info@remigipalmes.com\">info@remigipalmes.com<\/a><\/p><p><strong>\u00bfQu\u00e9 son las cookies?<\/strong><\/p><p>Las cookies son peque\u00f1os archivos que algunas plataformas, como las p\u00e1ginas web, pueden instalar en su ordenador, smartphone, tableta o televisi\u00f3n conectada. Sus funciones pueden ser muy variadas: almacenar sus preferencias de navegaci\u00f3n, recopilar informaci\u00f3n estad\u00edstica, permitir ciertas funcionalidades t\u00e9cnicas, etc\u00e9tera. En ocasiones, las cookies se utilizan para almacenar informaci\u00f3n b\u00e1sica sobre los h\u00e1bitos de navegaci\u00f3n del usuario o de su equipo, hasta el punto, seg\u00fan los casos, de poder reconocerlo.<\/p><p><strong>\u00bfPor qu\u00e9 son importantes?<\/strong><\/p><p>Las cookies son \u00fatiles por varios motivos. Desde un punto de vista t\u00e9cnico, permiten que las p\u00e1ginas web funcionen de forma m\u00e1s \u00e1gil y adaptada a sus preferencias, como por ejemplo almacenar su idioma o la moneda de su pa\u00eds. Adem\u00e1s, ayudan a los responsables de los sitios web a mejorar los servicios que ofrecen, gracias a la informaci\u00f3n estad\u00edstica que recogen a trav\u00e9s de ellas. Finalmente, sirven para hacer m\u00e1s eficiente la publicidad que le mostramos, gracias a la cual le podemos ofrecer servicios de forma gratuita.<\/p><p><strong>\u00bfC\u00f3mo utilizamos las cookies?<\/strong><\/p><p><u>Navegar por este portal supone que se puedan instalar los siguientes tipos de cookies<\/u>:<\/p><p><strong>Cookies de mejora del rendimiento<\/strong><\/p><p>Este tipo de cookies conserva sus preferencias para ciertas herramientas o servicios para que no tenga que reconfigurarlos cada vez que visita nuestro portal y, en algunos casos, pueden ser aportadas por terceros. Algunos ejemplos son: preferencias de compra, preferencias de ordenaci\u00f3n de art\u00edculos &#8230; En el caso de comercio electr\u00f3nico, permiten mantener informaci\u00f3n sobre su cesta de la compra.<\/p><p>Nuestra web utiliza servicios de terceros que podr\u00e1n instalar cookies para la mejora del rendimiento.<\/p><p><strong>Cookies de an\u00e1lisis estad\u00edstico<\/strong><\/p><p>Son aquellas que, bien tratadas por nosotros o por terceros, permiten cuantificar el n\u00famero de visitantes y analizar estad\u00edsticamente la utilizaci\u00f3n que hacen los usuarios de nuestros servicios. Gracias a ello podemos estudiar la navegaci\u00f3n por nuestra p\u00e1gina web, y mejorar as\u00ed la oferta de productos o servicios que ofrecemos.<\/p><p>Recopila informaci\u00f3n totalmente an\u00f3nima sobre la navegaci\u00f3n de los usuarios por el sitio web con el fin de conocer el origen de las visitas y otros datos estad\u00edsticos que nos permitan mejorar la navegaci\u00f3n, contenidos y experiencia de los usuarios en nuestra web. Esta informaci\u00f3n es recabada por el servicio de Google Analytics para generar las estad\u00edsticas necesarias. S\u00f3n las siguientes:<br \/>__utma: Esta cookie se suele instalar en el navegador en su primera visita al sitio web.<br \/>__utmz: Almacena el tipo de referencia utilizado para llegar a este sitio web<br \/>__utmb Utilizada para establecer y continuar una sesi\u00f3n de usuario con este sitio web<br \/>__utmc: Opera junto con la cookie __utmb para determinar si procede establecer una nueva sesi\u00f3n<\/p><p>Este an\u00e1lisis se realiza mediante herramientas que proporcionan terceros, de los que puede obtener m\u00e1s informaci\u00f3n sobre sus pol\u00edticas de privacidad en:<\/p><ul><li><a href=\"http:\/\/www.google.com\/intl\/es\/policies\/technologies\/cookies\/\">Google Analytics<\/a><\/li><\/ul><p><strong>Cookies de geolocalizaci\u00f3n<\/strong><\/p><p>Estas cookies son usadas por programas que intentan localizar geogr\u00e1ficamente la situaci\u00f3n del ordenador, smartphone o tablet, para de manera totalmente an\u00f3nima ofrecerle contenidos y servicios m\u00e1s adecuados.<\/p><p>El usuario acepta el uso de cookies y seguimientos de Ip&#8217;s cuyo uso permite a <strong>Remigi Palm\u00e9s a <\/strong>recoger datos a efectos estad\u00edsticos como: fecha de la primera visita, n\u00famero de veces que se ha visitado, fecha de la \u00faltima visita, URL y dominio de la que proviene, explorador utilizado y resoluci\u00f3n de la pantalla. No obstante, el usuario si lo desea puede desactivar y\/o eliminar estas cookies siguiendo las instrucciones de su navegador de Internet.<\/p><p><strong>Cookies de registro<\/strong><\/p><p>Cuando usted se registra en nuestro portal, se generan cookies propias que le identifican como usuario registrado e indican cu\u00e1ndo usted se ha identificado en el portal.<br \/>Estas cookies son utilizadas para identificar su cuenta de usuario y sus servicios asociados. Estas cookies se mantienen mientras usted no abandone la cuenta, cierre el navegador o apague el dispositivo.<br \/>Estas cookies pueden ser utilizadas en combinaci\u00f3n con datos anal\u00edticos para identificar de manera individual sus preferencias en nuestro portal.<\/p><p>Las cookies de registro o personalizaci\u00f3n almacenan las preferencias del usuario para que el comportamiento de la p\u00e1gina web se mantenga entre una visita y otra. En nuestra web las utilizamos para:<\/p><p>Mantener el idioma en el que se visualiza la p\u00e1gina web entre las distintas visitas del mismo usuario.<\/p><p>Recordar si un usuario ha aceptado la pol\u00edtica de cookies para mostrarle o no el aviso correspondiente.<\/p><p>Otras variables de sesi\u00f3n para facilitar la navegaci\u00f3n por el sitio web<\/p><p><strong>Cookies publicitarias<\/strong><\/p><p>Son aqu\u00e9llas que, bien tratadas por nosotros o por terceros, permiten gestionar eficazmente los espacios publicitarios de nuestro sitio web, adecuando el contenido del anuncio al contenido del servicio solicitado o al uso que realice de nuestra p\u00e1gina web. Gracias a ella podemos conocer sus h\u00e1bitos de navegaci\u00f3n en internet y mostrarle publicidad relacionada con su perfil de navegaci\u00f3n.<\/p><p><strong>Otras cookies de terceros<\/strong><\/p><p>En algunas de nuestras p\u00e1ginas se pueden instalar cookies de terceros que permitan gestionar y mejorar los servicios que \u00e9stos ofrecen. Un ejemplo de este uso son los enlaces a las redes sociales que permiten compartir nuestros contenidos.<\/p><p><strong>Gestiona las preferencias de las cookies<\/strong><\/p><p><a class=\"cky-banner-element\">Configuraci\u00f3n de las cookies<\/a><\/p><p>Puedes cambiar tus preferencias de cookies en cualquier momento haciendo clic en el bot\u00f3n de arriba. Esto te permitir\u00e1 volver al banner de consentimiento de cookies y cambiar tus preferencias o retirar tu consentimiento de inmediato..<\/p><p><strong>\u00bfC\u00f3mo puedo configurar mis preferencias?<\/strong><\/p><p>Puede permitir, bloquear o eliminar las cookies instaladas en su equipo mediante la configuraci\u00f3n de las opciones de su navegador de internet. En el caso en que las bloquee, es posible que ciertos servicios que necesitan su uso no est\u00e9n disponibles para usted.<br \/>A continuaci\u00f3n le ofrecemos enlaces en los que encontrar\u00e1 informaci\u00f3n sobre c\u00f3mo puede activar sus preferencias en los principales navegadores:<\/p><p><a href=\"http:\/\/support.google.com\/chrome\/bin\/answer.py?hl=es&amp;answer=95647\">Google Chrome<\/a><br \/><a href=\"http:\/\/support.mozilla.org\/es\/kb\/cookies-informacion-que-los-sitios-web-guardan-en-?redirectlocale=en-US&amp;redirectslug=Cookies\">Mozilla Firefox<\/a><br \/><a href=\"https:\/\/support.microsoft.com\/es-es\/help\/17442\/windows-internet-explorer-delete-manage-cookies\">Internet Explorer<\/a><br \/><a href=\"http:\/\/support.apple.com\/kb\/HT1677?viewlocale=es_ES\">Safari para IOS (iPhone, iPad)<\/a><br \/><a href=\"http:\/\/www.macromedia.com\/support\/documentation\/es\/flashplayer\/help\/settings_manager07.html\">Cookies Flash<\/a><\/p><p>Finalmente, puede usted dirigirse al portal <a href=\"http:\/\/www.youronlinechoices.com\/es\/\">Your Online Choices<\/a> d\u00f3nde adem\u00e1s de encontrar informaci\u00f3n \u00fatil, podr\u00e1 configurar, proveedor por proveedor, sus preferencias sobre las cookies publicitarias de terceros.<\/p><p>Si desea contactar con nosotros respecto nuestra pol\u00edtica de cookies, puede hacerlo enviando un mensaje a <a href=\"mailto:info@remigipalmes.com\">info@remigipalmes.com<\/a><\/p>\t\t\t\t\t\t\t\t<\/div>\n\t\t\t\t<\/div>\n\t\t\t\t\t<\/div>\n\t\t<\/div>\n\t\t\t\t\t<\/div>\n\t\t<\/section>\n\t\t\t\t<\/div>\n\t\t","protected":false},"excerpt":{"rendered":"<p>Pol\u00edtica de cookies Tratamiento de datos de car\u00e1cter personal Este portal, (https:\/\/www.remigipalmes.com\/), al igual que la mayor\u00eda de portales en Internet, usa cookies para mejorar la experiencia del usuario. A continuaci\u00f3n encontrar\u00e1 informaci\u00f3n sobre qu\u00e9 son las \u00bfcookies?, qu\u00e9 tipo de cookies utiliza este portal, c\u00f3mo puede desactivar las cookies en su navegador y c\u00f3mo &#8230; <a title=\"Pol\u00edtica de cookies\" class=\"read-more\" href=\"https:\/\/www.remigipalmes.com\/es\/politica-de-cookies\/\" aria-label=\"Leer m\u00e1s sobre Pol\u00edtica de cookies\">Read more<\/a><\/p>\n","protected":false},"author":2,"featured_media":0,"parent":0,"menu_order":0,"comment_status":"closed","ping_status":"closed","template":"elementor_header_footer","meta":{"_acf_changed":false,"footnotes":"","_links_to":"","_links_to_target":""},"class_list":["post-1235","page","type-page","status-publish"],"acf":[],"_links":{"self":[{"href":"https:\/\/www.remigipalmes.com\/es\/wp-json\/wp\/v2\/pages\/1235","targetHints":{"allow":["GET"]}}],"collection":[{"href":"https:\/\/www.remigipalmes.com\/es\/wp-json\/wp\/v2\/pages"}],"about":[{"href":"https:\/\/www.remigipalmes.com\/es\/wp-json\/wp\/v2\/types\/page"}],"author":[{"embeddable":true,"href":"https:\/\/www.remigipalmes.com\/es\/wp-json\/wp\/v2\/users\/2"}],"replies":[{"embeddable":true,"href":"https:\/\/www.remigipalmes.com\/es\/wp-json\/wp\/v2\/comments?post=1235"}],"version-history":[{"count":9,"href":"https:\/\/www.remigipalmes.com\/es\/wp-json\/wp\/v2\/pages\/1235\/revisions"}],"predecessor-version":[{"id":1444,"href":"https:\/\/www.remigipalmes.com\/es\/wp-json\/wp\/v2\/pages\/1235\/revisions\/1444"}],"wp:attachment":[{"href":"https:\/\/www.remigipalmes.com\/es\/wp-json\/wp\/v2\/media?parent=1235"}],"curies":[{"name":"wp","href":"https:\/\/api.w.org\/{rel}","templated":true}]}}